{"id":2191,"date":"2025-01-23T18:29:07","date_gmt":"2025-01-23T18:29:07","guid":{"rendered":"https:\/\/capmallorca.com\/producto\/suroeste-de-mallorca-2\/"},"modified":"2026-03-06T12:01:48","modified_gmt":"2026-03-06T12:01:48","slug":"sud-de-majorque-8-heures","status":"publish","type":"product","link":"https:\/\/capmallorca.com\/fr\/producto\/sud-de-majorque-8-heures\/","title":{"rendered":"Sud de Majorque 8 heures"},"content":{"rendered":"<p data-path-to-node=\"10\"><b data-path-to-node=\"10\" data-index-in-node=\"0\">\u2693\ufe0f D\u00e9couvrez l&rsquo;essence de Majorque \u00e0 bord du \u00ab BON MAT\u00cd II \u00bb<\/b> Naviguez sans h\u00e2te et profitez de tout le charme de la tradition locale. Notre <b data-path-to-node=\"10\" data-index-in-node=\"140\">Llaut de 10 m\u00e8tres<\/b> est une embarcation <b data-path-to-node=\"10\" data-index-in-node=\"179\">fi\u00e8rement construite \u00e0 Majorque<\/b>, id\u00e9ale pour une exp\u00e9rience authentique et relaxante. <b data-path-to-node=\"10\" data-index-in-node=\"265\">Durant la travers\u00e9e, nous ferons des escales dans diff\u00e9rentes criques aux eaux cristallines pour que vous puissiez vous baigner, explorer et profiter pleinement de la mer.<\/b><\/p>\n<ul data-path-to-node=\"11\">\n<li>\n<p data-path-to-node=\"11,0,0\"><b data-path-to-node=\"11,0,0\" data-index-in-node=\"0\">\ud83d\udccd Port d&rsquo;attache :<\/b> Cala Nova (San Agust\u00edn).<\/p>\n<\/li>\n<li>\n<p data-path-to-node=\"11,1,0\"><b data-path-to-node=\"11,1,0\" data-index-in-node=\"0\">\ud83d\udc65 Capacit\u00e9 :<\/b> Maximum 10 personnes (9 passagers + Capitaine).<\/p>\n<\/li>\n<\/ul>\n<p data-path-to-node=\"12\"><b data-path-to-node=\"12\" data-index-in-node=\"0\">Votre exp\u00e9rience \u00ab\u00a0Slow Sailing\u00a0\u00bb comprend :<\/b><\/p>\n<ul data-path-to-node=\"13\">\n<li>\n<p data-path-to-node=\"13,0,0\">\u2728 <b data-path-to-node=\"13,0,0\" data-index-in-node=\"2\">Service Professionnel :<\/b> Capitaine local, nettoyage final et assurance RC.<\/p>\n<\/li>\n<li>\n<p data-path-to-node=\"13,1,0\">\ud83c\udf79 <b data-path-to-node=\"13,1,0\" data-index-in-node=\"3\">Touches de bienvenue :<\/b> Boissons fra\u00eeches et snacks pendant la navigation.<\/p>\n<\/li>\n<li>\n<p data-path-to-node=\"13,2,0\">\u26fd <b data-path-to-node=\"13,2,0\" data-index-in-node=\"2\">Tout inclus :<\/b> Carburant inclus (pas de surprises au retour).<\/p>\n<\/li>\n<li>\n<p data-path-to-node=\"13,3,0\">\ud83c\udf0a <b data-path-to-node=\"13,3,0\" data-index-in-node=\"3\">Explorez et profitez :<\/b> Arr\u00eats dans des criques exclusives, avec Paddle Surf et \u00e9quipement de snorkeling \u00e0 disposition.<\/p>\n<\/li>\n<li>\n<p data-path-to-node=\"13,4,0\">\ud83d\udec1 <b data-path-to-node=\"13,4,0\" data-index-in-node=\"3\">Confort et tradition :<\/b> Bain de soleil avec taud (bimini), douche de plateforme, WC et grandes tables.<\/p>\n<\/li>\n<li>\n<p data-path-to-node=\"13,5,0\">\ud83c\udfb6 <b data-path-to-node=\"13,5,0\" data-index-in-node=\"3\">Votre musique :<\/b> Syst\u00e8me Bluetooth pour cr\u00e9er votre propre ambiance.<\/p>\n<\/li>\n<\/ul>\n<blockquote data-path-to-node=\"14\">\n<p data-path-to-node=\"14,0\"><b data-path-to-node=\"14,0\" data-index-in-node=\"0\">\ud83e\udd58 Saveurs \u00e0 bord :<\/b> Envie d&rsquo;une <b data-path-to-node=\"14,0\" data-index-in-node=\"32\">paella fra\u00eechement pr\u00e9par\u00e9e ou d&rsquo;une s\u00e9lection de tapas<\/b> face \u00e0 la mer ? Nous le pr\u00e9parons pour vous ! <i data-path-to-node=\"14,0\" data-index-in-node=\"134\">(Sur demande, min. 24h \u00e0 l&rsquo;avance).<\/i><\/p>\n<\/blockquote>\n<p data-path-to-node=\"15\">\ud83d\udd52 <b data-path-to-node=\"15\" data-index-in-node=\"3\">Horaires flexibles :<\/b> Possibilit\u00e9 d&rsquo;adapter les heures de d\u00e9part (sous r\u00e9serve de disponibilit\u00e9).<\/p>\n","protected":false},"excerpt":{"rendered":"<p><b data-path-to-node=\"1\" data-index-in-node=\"0\">\u26f5 Sortie Priv\u00e9e 8h \u2013 Myabca 32<\/b> \u00c0 partir de 9<b data-path-to-node=\"1\" data-index-in-node=\"45\">20,00 \u20ac<\/b> (Inclus : skipper, carburant, boissons et \u00e9quipement nautique). \ud83d\udc65 <b data-path-to-node=\"1\" data-index-in-node=\"121\">Capacit\u00e9 :<\/b> 9 personnes max. \ud83d\udccd <b data-path-to-node=\"1\" data-index-in-node=\"152\">D\u00e9part :<\/b> Port Cala nova (Palma).<\/p>\n","protected":false},"featured_media":1657,"template":"","meta":{"om_disable_all_campaigns":false,"_monsterinsights_skip_tracking":false,"_monsterinsights_sitenote_active":false,"_monsterinsights_sitenote_note":"","_monsterinsights_sitenote_category":0},"product_brand":[],"product_cat":[42],"product_tag":[],"class_list":{"0":"post-2191","1":"product","2":"type-product","3":"status-publish","4":"has-post-thumbnail","6":"product_cat-llaut-fr","8":"first","9":"instock","10":"virtual","11":"sold-individually","12":"purchasable","13":"product-type-booking"},"aioseo_notices":[],"_links":{"self":[{"href":"https:\/\/capmallorca.com\/fr\/wp-json\/wp\/v2\/product\/2191","targetHints":{"allow":["GET"]}}],"collection":[{"href":"https:\/\/capmallorca.com\/fr\/wp-json\/wp\/v2\/product"}],"about":[{"href":"https:\/\/capmallorca.com\/fr\/wp-json\/wp\/v2\/types\/product"}],"wp:featuredmedia":[{"embeddable":true,"href":"https:\/\/capmallorca.com\/fr\/wp-json\/wp\/v2\/media\/1657"}],"wp:attachment":[{"href":"https:\/\/capmallorca.com\/fr\/wp-json\/wp\/v2\/media?parent=2191"}],"wp:term":[{"taxonomy":"product_brand","embeddable":true,"href":"https:\/\/capmallorca.com\/fr\/wp-json\/wp\/v2\/product_brand?post=2191"},{"taxonomy":"product_cat","embeddable":true,"href":"https:\/\/capmallorca.com\/fr\/wp-json\/wp\/v2\/product_cat?post=2191"},{"taxonomy":"product_tag","embeddable":true,"href":"https:\/\/capmallorca.com\/fr\/wp-json\/wp\/v2\/product_tag?post=2191"}],"curies":[{"name":"wp","href":"https:\/\/api.w.org\/{rel}","templated":true}]}}